{"id":1183,"date":"2025-06-05T13:40:44","date_gmt":"2025-06-05T13:40:44","guid":{"rendered":"https:\/\/www.morenoandassociates.com\/es\/?page_id=1183"},"modified":"2025-12-04T22:03:33","modified_gmt":"2025-12-04T22:03:33","slug":"testimonial-7","status":"publish","type":"page","link":"https:\/\/www.morenoandassociates.com\/es\/testimonial-7\/","title":{"rendered":"Testimonial-7"},"content":{"rendered":"\t\t<div data-elementor-type=\"wp-page\" data-elementor-id=\"1183\" class=\"elementor elementor-1183\" data-elementor-post-type=\"page\">\n\t\t\t\t<div class=\"elementor-element elementor-element-4676624 e-flex e-con-boxed e-con e-parent\" data-id=\"4676624\" data-element_type=\"container\" data-settings=\"{&quot;background_background&quot;:&quot;classic&quot;}\">\n\t\t\t\t\t<div class=\"e-con-inner\">\n\t\t\t\t<div class=\"elementor-element elementor-element-95d9b6f animated-slow elementor-invisible elementor-widget elementor-widget-heading\" data-id=\"95d9b6f\" data-element_type=\"widget\" data-settings=\"{&quot;_animation&quot;:&quot;fadeInUp&quot;,&quot;_animation_delay&quot;:300}\" data-widget_type=\"heading.default\">\n\t\t\t\t<div class=\"elementor-widget-container\">\n\t\t\t\t\t<h2 class=\"elementor-heading-title elementor-size-default\">Testimonios<\/h2>\t\t\t\t<\/div>\n\t\t\t\t<\/div>\n\t\t\t\t<div class=\"elementor-element elementor-element-33c859c animated-slow elementor-invisible elementor-widget elementor-widget-text-editor\" data-id=\"33c859c\" data-element_type=\"widget\" data-settings=\"{&quot;_animation&quot;:&quot;fadeInUp&quot;,&quot;_animation_delay&quot;:600}\" data-widget_type=\"text-editor.default\">\n\t\t\t\t<div class=\"elementor-widget-container\">\n\t\t\t\t\t\t\t\t\tSigue nuestro blog para conocer las \u00faltimas noticias de Moreno &#038; Associates.\t\t\t\t\t\t\t\t<\/div>\n\t\t\t\t<\/div>\n\t\t\t\t<div class=\"elementor-element elementor-element-d95ddcf elementor-align-center animated-slow elementor-invisible elementor-widget elementor-widget-button\" data-id=\"d95ddcf\" data-element_type=\"widget\" data-settings=\"{&quot;_animation&quot;:&quot;zoomIn&quot;,&quot;_animation_delay&quot;:800}\" data-widget_type=\"button.default\">\n\t\t\t\t<div class=\"elementor-widget-container\">\n\t\t\t\t\t\t\t\t\t<div class=\"elementor-button-wrapper\">\n\t\t\t\t\t<a class=\"elementor-button elementor-button-link elementor-size-sm\" href=\"https:\/\/www.morenoandassociates.com\/es\/request-appointment\">\n\t\t\t\t\t\t<span class=\"elementor-button-content-wrapper\">\n\t\t\t\t\t\t\t\t\t<span class=\"elementor-button-text\">Consulta Gratis<\/span>\n\t\t\t\t\t<\/span>\n\t\t\t\t\t<\/a>\n\t\t\t\t<\/div>\n\t\t\t\t\t\t\t\t<\/div>\n\t\t\t\t<\/div>\n\t\t\t\t\t<\/div>\n\t\t\t\t<\/div>\n\t\t<div class=\"elementor-element elementor-element-21f728f e-flex e-con-boxed e-con e-parent\" data-id=\"21f728f\" data-element_type=\"container\" data-settings=\"{&quot;background_background&quot;:&quot;classic&quot;}\">\n\t\t\t\t\t<div class=\"e-con-inner\">\n\t\t\t\t<div class=\"elementor-element elementor-element-f543525 elementor-widget elementor-widget-text-editor\" data-id=\"f543525\" data-element_type=\"widget\" data-widget_type=\"text-editor.default\">\n\t\t\t\t<div class=\"elementor-widget-container\">\n\t\t\t\t\t\t\t\t\t<h3>Berta C.<\/h3><p>Yo estoy muy satisfecha con el servicio que me brindaron con mi caso de un accidente en autom\u00f3vil. Todo el personal es muy amable y brindan muy buen trato, yo si los recomiendo a cualquier persona.<\/p><h3>Juana C.<\/h3><p>Yo recomiendo a la oficina de Moreno &amp; Associates porque son muy eficientes y hacen los casos muy rapido. Todo su personal es muy amable. Los precios son aceptables para todas las personas.<\/p><h3>Rocio P.<\/h3><p>En primer lugar me gusto que la abogada es mujer, yo vivo en Valley Center pero decid\u00ed venir a Chula Vista, hablan espa\u00f1ol y el costo es s\u00faper accesible. Siempre me atendieron muy bien y me regresaban las llamadas.<\/p><h3>Albertina L<\/h3><p>Yo la se\u00f1ora Albertina, le recomiendo las oficinas de Moreno Y Asociados por su rapidez y por la experiencia con la que arreglan cada caso.<\/p><h3>Isaura H<\/h3><p>Recomiendo a Moreno &amp; Associates que me hicieron un buen servicio y muy buen trabajo, todo salio bien en mi cita de Juarez. Yo fui recomendada por mi primo que tambien tiene su caso en la oficina.<\/p><h3>Sahagun L.<\/h3><p>Estoy muy agradecido y satisfecho por el buen servicio que me dieron los abogados de Moreno Y Asociados. Ellos estan muy bien coordinados para darnos un buen servicio.<\/p><h3>Mardia R<\/h3><p>I am grateful because I was approved for my green card, and I appreciate the support I received from Moreno &amp; Associates throughout the process. I am very thankful.<\/p><h3>Moises M<\/h3><p>Me siento muy contento de haber tenido a Moreno &amp; Associates como mis abogados por los resultados y la rapidez con lo que se hizo el tramite y la verdad yo recomiendo ciegamente a ellos por la seriedad con la que toman un caso.<\/p>\t\t\t\t\t\t\t\t<\/div>\n\t\t\t\t<\/div>\n\t\t\t\t<div class=\"elementor-element elementor-element-6020fb6 elementor-widget elementor-widget-text-editor\" data-id=\"6020fb6\" data-element_type=\"widget\" data-widget_type=\"text-editor.default\">\n\t\t\t\t<div class=\"elementor-widget-container\">\n\t\t\t\t\t\t\t\t\t<div style=\"text-align: center;\"><a style=\"text-decoration: none; color: black;\" href=\"https:\/\/www.morenoandassociates.com\/es\/testimonials\">1<\/a> |\n<a style=\"text-decoration: none; color: black;\" href=\"https:\/\/www.morenoandassociates.com\/es\/testimonial-2\">2<\/a> |\n<a style=\"text-decoration: none; color: black;\" href=\"https:\/\/www.morenoandassociates.com\/es\/testimonial-3\">3<\/a> |\n<a style=\"text-decoration: none; color: black;\" href=\"https:\/\/www.morenoandassociates.com\/es\/testimonial-4\">4<\/a> |\n<a style=\"text-decoration: none; color: black;\" href=\"https:\/\/www.morenoandassociates.com\/es\/testimonial-5\">5<\/a> |\n<a style=\"text-decoration: none; color: black;\" href=\"https:\/\/www.morenoandassociates.com\/es\/testimonial-6\">6<\/a> |\n<a style=\"text-decoration: none; color: #eac179;\" href=\"https:\/\/www.morenoandassociates.com\/es\/testimonial-7\">7<\/a> |\n<a style=\"text-decoration: none; color: black;\" href=\"https:\/\/www.morenoandassociates.com\/es\/testimonial-8\">8<\/a> |\n<a style=\"text-decoration: none; color: black;\" href=\"https:\/\/www.morenoandassociates.com\/es\/testimonial-9\">9<\/a> |\n<a style=\"text-decoration: none; color: black;\" href=\"https:\/\/www.morenoandassociates.com\/es\/testimonial-10\">10<\/a> |\n<a style=\"text-decoration: none; color: black;\" href=\"https:\/\/www.morenoandassociates.com\/es\/testimonial-11\">11<\/a> |\n<a style=\"text-decoration: none; color: black;\" href=\"https:\/\/www.morenoandassociates.com\/es\/testimonial-12\">12<\/a><\/div>\t\t\t\t\t\t\t\t<\/div>\n\t\t\t\t<\/div>\n\t\t\t\t\t<\/div>\n\t\t\t\t<\/div>\n\t\t<div class=\"elementor-element elementor-element-61482ca e-flex e-con-boxed e-con e-parent\" data-id=\"61482ca\" data-element_type=\"container\" data-settings=\"{&quot;background_background&quot;:&quot;classic&quot;}\">\n\t\t\t\t\t<div class=\"e-con-inner\">\n\t\t\t\t<div class=\"elementor-element elementor-element-9b64615 elementor-widget elementor-widget-heading\" data-id=\"9b64615\" data-element_type=\"widget\" data-widget_type=\"heading.default\">\n\t\t\t\t<div class=\"elementor-widget-container\">\n\t\t\t\t\t<h2 class=\"elementor-heading-title elementor-size-default\">Book a <span style=\"color:#EAC179\"> FREE <\/span>Consultation<\/h2>\t\t\t\t<\/div>\n\t\t\t\t<\/div>\n\t\t\t\t<div class=\"elementor-element elementor-element-04a097f elementor-widget__width-initial elementor-widget elementor-widget-text-editor\" data-id=\"04a097f\" data-element_type=\"widget\" data-widget_type=\"text-editor.default\">\n\t\t\t\t<div class=\"elementor-widget-container\">\n\t\t\t\t\t\t\t\t\tYou can also use the feedback form below to reach out to us\ndirectly through our website.\t\t\t\t\t\t\t\t<\/div>\n\t\t\t\t<\/div>\n\t\t\t\t<div class=\"elementor-element elementor-element-8b2dd8a elementor-button-align-stretch elementor-widget elementor-widget-form\" data-id=\"8b2dd8a\" data-element_type=\"widget\" data-settings=\"{&quot;step_next_label&quot;:&quot;Next&quot;,&quot;step_previous_label&quot;:&quot;Previous&quot;,&quot;button_width&quot;:&quot;100&quot;,&quot;step_type&quot;:&quot;number_text&quot;,&quot;step_icon_shape&quot;:&quot;circle&quot;}\" data-widget_type=\"form.default\">\n\t\t\t\t<div class=\"elementor-widget-container\">\n\t\t\t\t\t\t\t<form class=\"elementor-form\" method=\"post\" name=\"New Form\">\n\t\t\t<input type=\"hidden\" name=\"post_id\" value=\"1183\"\/>\n\t\t\t<input type=\"hidden\" name=\"form_id\" value=\"8b2dd8a\"\/>\n\t\t\t<input type=\"hidden\" name=\"referer_title\" value=\"Testimonial-7\" \/>\n\n\t\t\t\t\t\t\t<input type=\"hidden\" name=\"queried_id\" value=\"1183\"\/>\n\t\t\t\n\t\t\t<div class=\"elementor-form-fields-wrapper elementor-labels-above\">\n\t\t\t\t\t\t\t\t<div class=\"elementor-field-type-text elementor-field-group elementor-column elementor-field-group-name elementor-col-50\">\n\t\t\t\t\t\t\t\t\t\t\t\t\t<input size=\"1\" type=\"text\" name=\"form_fields[name]\" id=\"form-field-name\" class=\"elementor-field elementor-size-sm  elementor-field-textual\" placeholder=\"Nombre\">\n\t\t\t\t\t\t\t\t\t\t\t<\/div>\n\t\t\t\t\t\t\t\t<div class=\"elementor-field-type-tel elementor-field-group elementor-column elementor-field-group-email elementor-col-50 elementor-field-required\">\n\t\t\t\t\t\t\t<input size=\"1\" type=\"tel\" name=\"form_fields[email]\" id=\"form-field-email\" class=\"elementor-field elementor-size-sm  elementor-field-textual\" placeholder=\"Tel\u00e9fono\" required=\"required\" pattern=\"[0-9()#&amp;+*-=.]+\" title=\"Only numbers and phone characters (#, -, *, etc) are accepted.\">\n\n\t\t\t\t\t\t<\/div>\n\t\t\t\t\t\t\t\t<div class=\"elementor-field-type-email elementor-field-group elementor-column elementor-field-group-field_739de4d elementor-col-100 elementor-field-required\">\n\t\t\t\t\t\t\t\t\t\t\t\t\t<input size=\"1\" type=\"email\" name=\"form_fields[field_739de4d]\" id=\"form-field-field_739de4d\" class=\"elementor-field elementor-size-sm  elementor-field-textual\" placeholder=\"Correo Electr\u00f3nico\" required=\"required\">\n\t\t\t\t\t\t\t\t\t\t\t<\/div>\n\t\t\t\t\t\t\t\t<div class=\"elementor-field-type-text elementor-field-group elementor-column elementor-field-group-field_9de632e elementor-col-50 elementor-field-required\">\n\t\t\t\t\t\t\t\t\t\t\t\t\t<input size=\"1\" type=\"text\" name=\"form_fields[field_9de632e]\" id=\"form-field-field_9de632e\" class=\"elementor-field elementor-size-sm  elementor-field-textual\" placeholder=\"Fecha\" required=\"required\">\n\t\t\t\t\t\t\t\t\t\t\t<\/div>\n\t\t\t\t\t\t\t\t<div class=\"elementor-field-type-time elementor-field-group elementor-column elementor-field-group-field_36df182 elementor-col-50 elementor-field-required\">\n\t\t\t\t\t\t\t<input type=\"time\" name=\"form_fields[field_36df182]\" id=\"form-field-field_36df182\" class=\"elementor-field elementor-size-sm  elementor-field-textual elementor-time-field\" placeholder=\"Hora\" required=\"required\">\n\t\t\t\t\t\t<\/div>\n\t\t\t\t\t\t\t\t<div class=\"elementor-field-type-textarea elementor-field-group elementor-column elementor-field-group-message elementor-col-100\">\n\t\t\t\t\t<textarea class=\"elementor-field-textual elementor-field  elementor-size-sm\" name=\"form_fields[message]\" id=\"form-field-message\" rows=\"4\" placeholder=\"Mensaje\"><\/textarea>\t\t\t\t<\/div>\n\t\t\t\t\t\t\t\t<div class=\"elementor-field-type-recaptcha elementor-field-group elementor-column elementor-field-group-field_73cd791 elementor-col-100\">\n\t\t\t\t\t<div class=\"elementor-field\" id=\"form-field-field_73cd791\"><div class=\"elementor-g-recaptcha\" data-sitekey=\"6LesKBssAAAAAIs1oF1Q2b3OFj0_8LTiRyMtDY1c\" data-type=\"v2_checkbox\" data-theme=\"dark\" data-size=\"normal\"><\/div><\/div>\t\t\t\t<\/div>\n\t\t\t\t\t\t\t\t<div class=\"elementor-field-group elementor-column elementor-field-type-submit elementor-col-100 e-form__buttons\">\n\t\t\t\t\t<button class=\"elementor-button elementor-size-sm\" type=\"submit\">\n\t\t\t\t\t\t<span class=\"elementor-button-content-wrapper\">\n\t\t\t\t\t\t\t\t\t\t\t\t\t\t\t\t\t\t\t\t\t\t<span class=\"elementor-button-text\">Reservar Ahora<\/span>\n\t\t\t\t\t\t\t\t\t\t\t\t\t<\/span>\n\t\t\t\t\t<\/button>\n\t\t\t\t<\/div>\n\t\t\t<\/div>\n\t\t<\/form>\n\t\t\t\t\t\t<\/div>\n\t\t\t\t<\/div>\n\t\t\t\t\t<\/div>\n\t\t\t\t<\/div>\n\t\t\t\t<\/div>\n\t\t","protected":false},"excerpt":{"rendered":"<p>Testimonios Sigue nuestro blog para conocer las \u00faltimas noticias de Moreno &#038; Associates. Consulta Gratis Berta C. Yo estoy muy [&hellip;]<\/p>\n","protected":false},"author":1,"featured_media":0,"parent":0,"menu_order":0,"comment_status":"closed","ping_status":"closed","template":"","meta":{"site-sidebar-layout":"no-sidebar","site-content-layout":"","ast-site-content-layout":"full-width-container","site-content-style":"default","site-sidebar-style":"default","ast-global-header-display":"","ast-banner-title-visibility":"","ast-main-header-display":"","ast-hfb-above-header-display":"","ast-hfb-below-header-display":"","ast-hfb-mobile-header-display":"","site-post-title":"disabled","ast-breadcrumbs-content":"","ast-featured-img":"disabled","footer-sml-layout":"","theme-transparent-header-meta":"","adv-header-id-meta":"","stick-header-meta":"","header-above-stick-meta":"","header-main-stick-meta":"","header-below-stick-meta":"","astra-migrate-meta-layouts":"default","ast-page-background-enabled":"default","ast-page-background-meta":{"desktop":{"background-color":"var(--ast-global-color-5)","background-image":"","background-repeat":"repeat","background-position":"center center","background-size":"auto","background-attachment":"scroll","background-type":"","background-media":"","overlay-type":"","overlay-color":"","overlay-opacity":"","overlay-gradient":""},"tablet":{"background-color":"","background-image":"","background-repeat":"repeat","background-position":"center center","background-size":"auto","background-attachment":"scroll","background-type":"","background-media":"","overlay-type":"","overlay-color":"","overlay-opacity":"","overlay-gradient":""},"mobile":{"background-color":"","background-image":"","background-repeat":"repeat","background-position":"center center","background-size":"auto","background-attachment":"scroll","background-type":"","background-media":"","overlay-type":"","overlay-color":"","overlay-opacity":"","overlay-gradient":""}},"ast-content-background-meta":{"desktop":{"background-color":"var(--ast-global-color-4)","background-image":"","background-repeat":"repeat","background-position":"center center","background-size":"auto","background-attachment":"scroll","background-type":"","background-media":"","overlay-type":"","overlay-color":"","overlay-opacity":"","overlay-gradient":""},"tablet":{"background-color":"var(--ast-global-color-4)","background-image":"","background-repeat":"repeat","background-position":"center center","background-size":"auto","background-attachment":"scroll","background-type":"","background-media":"","overlay-type":"","overlay-color":"","overlay-opacity":"","overlay-gradient":""},"mobile":{"background-color":"var(--ast-global-color-4)","background-image":"","background-repeat":"repeat","background-position":"center center","background-size":"auto","background-attachment":"scroll","background-type":"","background-media":"","overlay-type":"","overlay-color":"","overlay-opacity":"","overlay-gradient":""}},"footnotes":""},"class_list":["post-1183","page","type-page","status-publish","hentry"],"_links":{"self":[{"href":"https:\/\/www.morenoandassociates.com\/es\/wp-json\/wp\/v2\/pages\/1183","targetHints":{"allow":["GET"]}}],"collection":[{"href":"https:\/\/www.morenoandassociates.com\/es\/wp-json\/wp\/v2\/pages"}],"about":[{"href":"https:\/\/www.morenoandassociates.com\/es\/wp-json\/wp\/v2\/types\/page"}],"author":[{"embeddable":true,"href":"https:\/\/www.morenoandassociates.com\/es\/wp-json\/wp\/v2\/users\/1"}],"replies":[{"embeddable":true,"href":"https:\/\/www.morenoandassociates.com\/es\/wp-json\/wp\/v2\/comments?post=1183"}],"version-history":[{"count":17,"href":"https:\/\/www.morenoandassociates.com\/es\/wp-json\/wp\/v2\/pages\/1183\/revisions"}],"predecessor-version":[{"id":3264,"href":"https:\/\/www.morenoandassociates.com\/es\/wp-json\/wp\/v2\/pages\/1183\/revisions\/3264"}],"wp:attachment":[{"href":"https:\/\/www.morenoandassociates.com\/es\/wp-json\/wp\/v2\/media?parent=1183"}],"curies":[{"name":"wp","href":"https:\/\/api.w.org\/{rel}","templated":true}]}}