{"id":1188,"date":"2025-06-05T13:43:00","date_gmt":"2025-06-05T13:43:00","guid":{"rendered":"https:\/\/www.morenoandassociates.com\/es\/?page_id=1188"},"modified":"2025-12-04T22:24:40","modified_gmt":"2025-12-04T22:24:40","slug":"testimonial-8","status":"publish","type":"page","link":"https:\/\/www.morenoandassociates.com\/es\/testimonial-8\/","title":{"rendered":"Testimonial-8"},"content":{"rendered":"\t\t<div data-elementor-type=\"wp-page\" data-elementor-id=\"1188\" class=\"elementor elementor-1188\" data-elementor-post-type=\"page\">\n\t\t\t\t<div class=\"elementor-element elementor-element-b7364de e-flex e-con-boxed e-con e-parent\" data-id=\"b7364de\" data-element_type=\"container\" data-settings=\"{&quot;background_background&quot;:&quot;classic&quot;}\">\n\t\t\t\t\t<div class=\"e-con-inner\">\n\t\t\t\t<div class=\"elementor-element elementor-element-2fa6543 animated-slow elementor-invisible elementor-widget elementor-widget-heading\" data-id=\"2fa6543\" data-element_type=\"widget\" data-settings=\"{&quot;_animation&quot;:&quot;fadeInUp&quot;,&quot;_animation_delay&quot;:300}\" data-widget_type=\"heading.default\">\n\t\t\t\t<div class=\"elementor-widget-container\">\n\t\t\t\t\t<h2 class=\"elementor-heading-title elementor-size-default\">Testimonios<\/h2>\t\t\t\t<\/div>\n\t\t\t\t<\/div>\n\t\t\t\t<div class=\"elementor-element elementor-element-aabebe6 animated-slow elementor-invisible elementor-widget elementor-widget-text-editor\" data-id=\"aabebe6\" data-element_type=\"widget\" data-settings=\"{&quot;_animation&quot;:&quot;fadeInUp&quot;,&quot;_animation_delay&quot;:600}\" data-widget_type=\"text-editor.default\">\n\t\t\t\t<div class=\"elementor-widget-container\">\n\t\t\t\t\t\t\t\t\tSigue nuestro blog para conocer las \u00faltimas noticias de Moreno &#038; Associates.\t\t\t\t\t\t\t\t<\/div>\n\t\t\t\t<\/div>\n\t\t\t\t<div class=\"elementor-element elementor-element-f79592e elementor-align-center animated-slow elementor-invisible elementor-widget elementor-widget-button\" data-id=\"f79592e\" data-element_type=\"widget\" data-settings=\"{&quot;_animation&quot;:&quot;zoomIn&quot;,&quot;_animation_delay&quot;:800}\" data-widget_type=\"button.default\">\n\t\t\t\t<div class=\"elementor-widget-container\">\n\t\t\t\t\t\t\t\t\t<div class=\"elementor-button-wrapper\">\n\t\t\t\t\t<a class=\"elementor-button elementor-button-link elementor-size-sm\" href=\"https:\/\/www.morenoandassociates.com\/es\/request-appointment\">\n\t\t\t\t\t\t<span class=\"elementor-button-content-wrapper\">\n\t\t\t\t\t\t\t\t\t<span class=\"elementor-button-text\">Consulta Gratis<\/span>\n\t\t\t\t\t<\/span>\n\t\t\t\t\t<\/a>\n\t\t\t\t<\/div>\n\t\t\t\t\t\t\t\t<\/div>\n\t\t\t\t<\/div>\n\t\t\t\t\t<\/div>\n\t\t\t\t<\/div>\n\t\t<div class=\"elementor-element elementor-element-030d36a e-flex e-con-boxed e-con e-parent\" data-id=\"030d36a\" data-element_type=\"container\" data-settings=\"{&quot;background_background&quot;:&quot;classic&quot;}\">\n\t\t\t\t\t<div class=\"e-con-inner\">\n\t\t\t\t<div class=\"elementor-element elementor-element-a815394 elementor-widget elementor-widget-text-editor\" data-id=\"a815394\" data-element_type=\"widget\" data-widget_type=\"text-editor.default\">\n\t\t\t\t<div class=\"elementor-widget-container\">\n\t\t\t\t\t\t\t\t\t<h3>Vanessa I<\/h3><p>Estoy muy contenta con los resultados de mi caso. Me gusto como me trataron los abogados y el idioma tambi\u00e9n ayudo mucho en la comunicaci\u00f3n con ellos. Volver\u00e9 a regresar a Moreno &amp; Associates en el futuro en caso de necesitar ayuda legal.<\/p><h3>Manuel Y<\/h3><p>Yo puedo asegurar que en Moreno &amp; Associates son unos profesionales. Soy un cliente satisfecho, sus precios son muy razonables y fueron muy honestos. En mi caso, su personal fue muy profesional y amable.<\/p><h3>Raul G.<\/h3><p>Mi tramite fue rapido de parte de Moreno &amp; Associates y estoy muy contento con su servicio. La atencion fue muy Buena y mis llamadas fueron regresadas a tiempo. Los precios son razonables.<\/p><h3>Lissete H<\/h3><p>Me siento muy feliz y satisfecha con el resultado del caso. Ganamos el caso de guardianship, y voy a seguir con Moreno &amp; Associates para mi proximo servicio legal. Recomiendo a Moreno &amp; Associates ampliamente para cualquier servicio.<\/p><h3>Luis M<\/h3><p>Yo le agradezco a Moreno and Associates porque sin su ayuda yo no estuviera en este pais. Yo recomiendo ampliamente a Moreno and Associates porque yo tuve varios casos con ellos.<\/p><h3>Angel G.<\/h3><p>Hola buenas tardes mi nombre es Angel y apenas fui emigrado como residente permanente con la ayuda del abogado Andres Moreno y Associates de Vista California.<\/p><h3>Irasema D<\/h3><p>Yo fui recomendada a Moreno and Associates en el 2009. Desde entonces ellos me han llevado todos mis asuntos legales. Ellos me tramitaron una bancarota, un caso civil y por ultimo mi ciudadania.<\/p><h3>Juan C.<\/h3><p>Me quede content\u00edsimo con los resultados de mi caso. Nancy es muy amable y el resultado fue lo que esperaba. Voy a recomendar a mis hermanos y familiares a Moreno &amp; Associates, sus costos tambi\u00e9n son razonables.<\/p>\t\t\t\t\t\t\t\t<\/div>\n\t\t\t\t<\/div>\n\t\t\t\t<div class=\"elementor-element elementor-element-5a4121e elementor-widget elementor-widget-text-editor\" data-id=\"5a4121e\" data-element_type=\"widget\" data-widget_type=\"text-editor.default\">\n\t\t\t\t<div class=\"elementor-widget-container\">\n\t\t\t\t\t\t\t\t\t<div style=\"text-align: center;\"><a style=\"text-decoration: none; color: black;\" href=\"https:\/\/www.morenoandassociates.com\/es\/testimonials\">1<\/a> |\n<a style=\"text-decoration: none; color: black;\" href=\"https:\/\/www.morenoandassociates.com\/es\/testimonial-2\">2<\/a> |\n<a style=\"text-decoration: none; color: black;\" href=\"https:\/\/www.morenoandassociates.com\/es\/testimonial-3\">3<\/a> |\n<a style=\"text-decoration: none; color: black;\" href=\"https:\/\/www.morenoandassociates.com\/es\/testimonial-4\">4<\/a> |\n<a style=\"text-decoration: none; color: black;\" href=\"https:\/\/www.morenoandassociates.com\/es\/testimonial-5\">5<\/a> |\n<a style=\"text-decoration: none; color: black;\" href=\"https:\/\/www.morenoandassociates.com\/es\/testimonial-6\">6<\/a> |\n<a style=\"text-decoration: none; color: black;\" href=\"https:\/\/www.morenoandassociates.com\/es\/testimonial-7\">7<\/a> |\n<a style=\"text-decoration: none; color: #eac179;\" href=\"https:\/\/www.morenoandassociates.com\/es\/testimonial-8\">8<\/a> |\n<a style=\"text-decoration: none; color: black;\" href=\"https:\/\/www.morenoandassociates.com\/es\/testimonial-9\">9<\/a> |\n<a style=\"text-decoration: none; color: black;\" href=\"https:\/\/www.morenoandassociates.com\/es\/testimonial-10\">10<\/a> |\n<a style=\"text-decoration: none; color: black;\" href=\"https:\/\/www.morenoandassociates.com\/es\/testimonial-11\">11<\/a> |\n<a style=\"text-decoration: none; color: black;\" href=\"https:\/\/www.morenoandassociates.com\/es\/testimonial-12\">12<\/a><\/div>\t\t\t\t\t\t\t\t<\/div>\n\t\t\t\t<\/div>\n\t\t\t\t\t<\/div>\n\t\t\t\t<\/div>\n\t\t<div class=\"elementor-element elementor-element-0a8d83a e-flex e-con-boxed e-con e-parent\" data-id=\"0a8d83a\" data-element_type=\"container\" data-settings=\"{&quot;background_background&quot;:&quot;classic&quot;}\">\n\t\t\t\t\t<div class=\"e-con-inner\">\n\t\t\t\t<div class=\"elementor-element elementor-element-e045edf elementor-widget elementor-widget-heading\" data-id=\"e045edf\" data-element_type=\"widget\" data-widget_type=\"heading.default\">\n\t\t\t\t<div class=\"elementor-widget-container\">\n\t\t\t\t\t<h2 class=\"elementor-heading-title elementor-size-default\">Reserve una <span style=\"color:#EAC179\"> Consulta <\/span>GRATIS\n<\/h2>\t\t\t\t<\/div>\n\t\t\t\t<\/div>\n\t\t\t\t<div class=\"elementor-element elementor-element-84c314d elementor-widget__width-initial animated-slow elementor-invisible elementor-widget elementor-widget-text-editor\" data-id=\"84c314d\" data-element_type=\"widget\" data-settings=\"{&quot;_animation&quot;:&quot;fadeInUp&quot;,&quot;_animation_delay&quot;:300}\" data-widget_type=\"text-editor.default\">\n\t\t\t\t<div class=\"elementor-widget-container\">\n\t\t\t\t\t\t\t\t\tComplete el siguiente formulario para programar su consulta gratuita.\t\t\t\t\t\t\t\t<\/div>\n\t\t\t\t<\/div>\n\t\t\t\t<div class=\"elementor-element elementor-element-44ec884 elementor-button-align-stretch elementor-widget elementor-widget-form\" data-id=\"44ec884\" data-element_type=\"widget\" data-settings=\"{&quot;step_next_label&quot;:&quot;Next&quot;,&quot;step_previous_label&quot;:&quot;Previous&quot;,&quot;button_width&quot;:&quot;100&quot;,&quot;step_type&quot;:&quot;number_text&quot;,&quot;step_icon_shape&quot;:&quot;circle&quot;}\" data-widget_type=\"form.default\">\n\t\t\t\t<div class=\"elementor-widget-container\">\n\t\t\t\t\t\t\t<form class=\"elementor-form\" method=\"post\" name=\"New Form\">\n\t\t\t<input type=\"hidden\" name=\"post_id\" value=\"1188\"\/>\n\t\t\t<input type=\"hidden\" name=\"form_id\" value=\"44ec884\"\/>\n\t\t\t<input type=\"hidden\" name=\"referer_title\" value=\"Testimonial-8\" \/>\n\n\t\t\t\t\t\t\t<input type=\"hidden\" name=\"queried_id\" value=\"1188\"\/>\n\t\t\t\n\t\t\t<div class=\"elementor-form-fields-wrapper elementor-labels-above\">\n\t\t\t\t\t\t\t\t<div class=\"elementor-field-type-text elementor-field-group elementor-column elementor-field-group-name elementor-col-50\">\n\t\t\t\t\t\t\t\t\t\t\t\t\t<input size=\"1\" type=\"text\" name=\"form_fields[name]\" id=\"form-field-name\" class=\"elementor-field elementor-size-sm  elementor-field-textual\" placeholder=\"Nombre\">\n\t\t\t\t\t\t\t\t\t\t\t<\/div>\n\t\t\t\t\t\t\t\t<div class=\"elementor-field-type-tel elementor-field-group elementor-column elementor-field-group-email elementor-col-50 elementor-field-required\">\n\t\t\t\t\t\t\t<input size=\"1\" type=\"tel\" name=\"form_fields[email]\" id=\"form-field-email\" class=\"elementor-field elementor-size-sm  elementor-field-textual\" placeholder=\"Tel\u00e9fono\" required=\"required\" pattern=\"[0-9()#&amp;+*-=.]+\" title=\"Only numbers and phone characters (#, -, *, etc) are accepted.\">\n\n\t\t\t\t\t\t<\/div>\n\t\t\t\t\t\t\t\t<div class=\"elementor-field-type-email elementor-field-group elementor-column elementor-field-group-field_e33d19f elementor-col-100 elementor-field-required\">\n\t\t\t\t\t\t\t\t\t\t\t\t\t<input size=\"1\" type=\"email\" name=\"form_fields[field_e33d19f]\" id=\"form-field-field_e33d19f\" class=\"elementor-field elementor-size-sm  elementor-field-textual\" placeholder=\"Correo Electr\u00f3nico\" required=\"required\">\n\t\t\t\t\t\t\t\t\t\t\t<\/div>\n\t\t\t\t\t\t\t\t<div class=\"elementor-field-type-select elementor-field-group elementor-column elementor-field-group-field_739de4d elementor-col-50 elementor-field-required\">\n\t\t\t\t\t\t\t<div class=\"elementor-field elementor-select-wrapper remove-before \">\n\t\t\t<div class=\"select-caret-down-wrapper\">\n\t\t\t\t<svg aria-hidden=\"true\" class=\"e-font-icon-svg e-eicon-caret-down\" viewBox=\"0 0 571.4 571.4\" xmlns=\"http:\/\/www.w3.org\/2000\/svg\"><path d=\"M571 393Q571 407 561 418L311 668Q300 679 286 679T261 668L11 418Q0 407 0 393T11 368 36 357H536Q550 357 561 368T571 393Z\"><\/path><\/svg>\t\t\t<\/div>\n\t\t\t<select name=\"form_fields[field_739de4d]\" id=\"form-field-field_739de4d\" class=\"elementor-field-textual elementor-size-sm\" required=\"required\">\n\t\t\t\t\t\t\t\t\t<option value=\"Tipo de Caso\">Tipo de Caso<\/option>\n\t\t\t\t\t\t\t\t\t<option value=\"Derecho De Inmigraci\u00f3n\">Derecho De Inmigraci\u00f3n<\/option>\n\t\t\t\t\t\t\t\t\t<option value=\"Derecho De Familia\">Derecho De Familia<\/option>\n\t\t\t\t\t\t\t\t\t<option value=\"Derecho Penal\">Derecho Penal<\/option>\n\t\t\t\t\t\t\t\t\t<option value=\"Derecho De Bancarrota\">Derecho De Bancarrota<\/option>\n\t\t\t\t\t\t\t\t\t<option value=\"Testamentos Y Fideicomisos\">Testamentos Y Fideicomisos<\/option>\n\t\t\t\t\t\t\t<\/select>\n\t\t<\/div>\n\t\t\t\t\t\t<\/div>\n\t\t\t\t\t\t\t\t<div class=\"elementor-field-type-select elementor-field-group elementor-column elementor-field-group-field_e977728 elementor-col-50 elementor-field-required\">\n\t\t\t\t\t\t\t<div class=\"elementor-field elementor-select-wrapper remove-before \">\n\t\t\t<div class=\"select-caret-down-wrapper\">\n\t\t\t\t<svg aria-hidden=\"true\" class=\"e-font-icon-svg e-eicon-caret-down\" viewBox=\"0 0 571.4 571.4\" xmlns=\"http:\/\/www.w3.org\/2000\/svg\"><path d=\"M571 393Q571 407 561 418L311 668Q300 679 286 679T261 668L11 418Q0 407 0 393T11 368 36 357H536Q550 357 561 368T571 393Z\"><\/path><\/svg>\t\t\t<\/div>\n\t\t\t<select name=\"form_fields[field_e977728]\" id=\"form-field-field_e977728\" class=\"elementor-field-textual elementor-size-sm\" required=\"required\">\n\t\t\t\t\t\t\t\t\t<option value=\"Selecciona\u00a0tu\u00a0Ubicacion\">Selecciona\u00a0tu\u00a0Ubicacion<\/option>\n\t\t\t\t\t\t\t\t\t<option value=\"Chula Vista\">Chula Vista<\/option>\n\t\t\t\t\t\t\t\t\t<option value=\"San Marcos\">San Marcos<\/option>\n\t\t\t\t\t\t\t<\/select>\n\t\t<\/div>\n\t\t\t\t\t\t<\/div>\n\t\t\t\t\t\t\t\t<div class=\"elementor-field-type-text elementor-field-group elementor-column elementor-field-group-field_9de632e elementor-col-50 elementor-field-required\">\n\t\t\t\t\t\t\t\t\t\t\t\t\t<input size=\"1\" type=\"text\" name=\"form_fields[field_9de632e]\" id=\"form-field-field_9de632e\" class=\"elementor-field elementor-size-sm  elementor-field-textual\" placeholder=\"Fecha\" required=\"required\">\n\t\t\t\t\t\t\t\t\t\t\t<\/div>\n\t\t\t\t\t\t\t\t<div class=\"elementor-field-type-time elementor-field-group elementor-column elementor-field-group-field_36df182 elementor-col-50 elementor-field-required\">\n\t\t\t\t\t\t\t<input type=\"time\" name=\"form_fields[field_36df182]\" id=\"form-field-field_36df182\" class=\"elementor-field elementor-size-sm  elementor-field-textual elementor-time-field\" placeholder=\"Hora\" required=\"required\">\n\t\t\t\t\t\t<\/div>\n\t\t\t\t\t\t\t\t<div class=\"elementor-field-type-textarea elementor-field-group elementor-column elementor-field-group-message elementor-col-100\">\n\t\t\t\t\t<textarea class=\"elementor-field-textual elementor-field  elementor-size-sm\" name=\"form_fields[message]\" id=\"form-field-message\" rows=\"4\" placeholder=\"Mensaje\"><\/textarea>\t\t\t\t<\/div>\n\t\t\t\t\t\t\t\t<div class=\"elementor-field-type-recaptcha elementor-field-group elementor-column elementor-field-group-field_73cd791 elementor-col-100\">\n\t\t\t\t\t<div class=\"elementor-field\" id=\"form-field-field_73cd791\"><div class=\"elementor-g-recaptcha\" data-sitekey=\"6LesKBssAAAAAIs1oF1Q2b3OFj0_8LTiRyMtDY1c\" data-type=\"v2_checkbox\" data-theme=\"dark\" data-size=\"normal\"><\/div><\/div>\t\t\t\t<\/div>\n\t\t\t\t\t\t\t\t<div class=\"elementor-field-type-text\">\n\t\t\t\t\t<input size=\"1\" type=\"text\" name=\"form_fields[field_ed6677a]\" id=\"form-field-field_ed6677a\" class=\"elementor-field elementor-size-sm \" style=\"display:none !important;\">\t\t\t\t<\/div>\n\t\t\t\t\t\t\t\t<div class=\"elementor-field-group elementor-column elementor-field-type-submit elementor-col-100 e-form__buttons\">\n\t\t\t\t\t<button class=\"elementor-button elementor-size-sm\" type=\"submit\">\n\t\t\t\t\t\t<span class=\"elementor-button-content-wrapper\">\n\t\t\t\t\t\t\t\t\t\t\t\t\t\t\t\t\t\t\t\t\t\t<span class=\"elementor-button-text\">Reservar Ahora<\/span>\n\t\t\t\t\t\t\t\t\t\t\t\t\t<\/span>\n\t\t\t\t\t<\/button>\n\t\t\t\t<\/div>\n\t\t\t<\/div>\n\t\t<\/form>\n\t\t\t\t\t\t<\/div>\n\t\t\t\t<\/div>\n\t\t\t\t\t<\/div>\n\t\t\t\t<\/div>\n\t\t\t\t<\/div>\n\t\t","protected":false},"excerpt":{"rendered":"<p>Testimonios Sigue nuestro blog para conocer las \u00faltimas noticias de Moreno &#038; Associates. Consulta Gratis Vanessa I Estoy muy contenta [&hellip;]<\/p>\n","protected":false},"author":1,"featured_media":0,"parent":0,"menu_order":0,"comment_status":"closed","ping_status":"closed","template":"","meta":{"site-sidebar-layout":"no-sidebar","site-content-layout":"","ast-site-content-layout":"full-width-container","site-content-style":"default","site-sidebar-style":"default","ast-global-header-display":"","ast-banner-title-visibility":"","ast-main-header-display":"","ast-hfb-above-header-display":"","ast-hfb-below-header-display":"","ast-hfb-mobile-header-display":"","site-post-title":"disabled","ast-breadcrumbs-content":"","ast-featured-img":"disabled","footer-sml-layout":"","theme-transparent-header-meta":"","adv-header-id-meta":"","stick-header-meta":"","header-above-stick-meta":"","header-main-stick-meta":"","header-below-stick-meta":"","astra-migrate-meta-layouts":"default","ast-page-background-enabled":"default","ast-page-background-meta":{"desktop":{"background-color":"var(--ast-global-color-5)","background-image":"","background-repeat":"repeat","background-position":"center center","background-size":"auto","background-attachment":"scroll","background-type":"","background-media":"","overlay-type":"","overlay-color":"","overlay-opacity":"","overlay-gradient":""},"tablet":{"background-color":"","background-image":"","background-repeat":"repeat","background-position":"center center","background-size":"auto","background-attachment":"scroll","background-type":"","background-media":"","overlay-type":"","overlay-color":"","overlay-opacity":"","overlay-gradient":""},"mobile":{"background-color":"","background-image":"","background-repeat":"repeat","background-position":"center center","background-size":"auto","background-attachment":"scroll","background-type":"","background-media":"","overlay-type":"","overlay-color":"","overlay-opacity":"","overlay-gradient":""}},"ast-content-background-meta":{"desktop":{"background-color":"var(--ast-global-color-4)","background-image":"","background-repeat":"repeat","background-position":"center center","background-size":"auto","background-attachment":"scroll","background-type":"","background-media":"","overlay-type":"","overlay-color":"","overlay-opacity":"","overlay-gradient":""},"tablet":{"background-color":"var(--ast-global-color-4)","background-image":"","background-repeat":"repeat","background-position":"center center","background-size":"auto","background-attachment":"scroll","background-type":"","background-media":"","overlay-type":"","overlay-color":"","overlay-opacity":"","overlay-gradient":""},"mobile":{"background-color":"var(--ast-global-color-4)","background-image":"","background-repeat":"repeat","background-position":"center center","background-size":"auto","background-attachment":"scroll","background-type":"","background-media":"","overlay-type":"","overlay-color":"","overlay-opacity":"","overlay-gradient":""}},"footnotes":""},"class_list":["post-1188","page","type-page","status-publish","hentry"],"_links":{"self":[{"href":"https:\/\/www.morenoandassociates.com\/es\/wp-json\/wp\/v2\/pages\/1188","targetHints":{"allow":["GET"]}}],"collection":[{"href":"https:\/\/www.morenoandassociates.com\/es\/wp-json\/wp\/v2\/pages"}],"about":[{"href":"https:\/\/www.morenoandassociates.com\/es\/wp-json\/wp\/v2\/types\/page"}],"author":[{"embeddable":true,"href":"https:\/\/www.morenoandassociates.com\/es\/wp-json\/wp\/v2\/users\/1"}],"replies":[{"embeddable":true,"href":"https:\/\/www.morenoandassociates.com\/es\/wp-json\/wp\/v2\/comments?post=1188"}],"version-history":[{"count":22,"href":"https:\/\/www.morenoandassociates.com\/es\/wp-json\/wp\/v2\/pages\/1188\/revisions"}],"predecessor-version":[{"id":3267,"href":"https:\/\/www.morenoandassociates.com\/es\/wp-json\/wp\/v2\/pages\/1188\/revisions\/3267"}],"wp:attachment":[{"href":"https:\/\/www.morenoandassociates.com\/es\/wp-json\/wp\/v2\/media?parent=1188"}],"curies":[{"name":"wp","href":"https:\/\/api.w.org\/{rel}","templated":true}]}}